{"id":300,"date":"2024-09-13T19:54:12","date_gmt":"2024-09-13T16:54:12","guid":{"rendered":"https:\/\/rmv.fi\/front-page\/"},"modified":"2024-09-26T12:12:41","modified_gmt":"2024-09-26T09:12:41","slug":"front-page","status":"publish","type":"page","link":"https:\/\/rmv.fi\/en\/","title":{"rendered":"Front page"},"content":{"rendered":"\n\n<div class=\"block-hero full-width id-block\">\n\t<div class=\"container-lg\">\n\t\t<div class=\"row\">\n\t\t\t<div class=\"col\">\n\t\t\t\t<div class=\"flex\">\n\t\t\t\t\t<div class=\"accent desktop\"><\/div>\t\t\t\t\t\n\t\t\t\t\t<div class=\"accent mobile\">\n\t\t\t\t\t\t\t\t\t\t\t\t<div class=\"image-object-fit\">\n\t\t\t\t\t\t\t<img\n\t\t\t\t\t\t\t\tsrc=\"https:\/\/rmv.fi\/wp-content\/uploads\/sites\/56\/2022\/03\/SYYSRETKI-melonta-575x1024.jpg\"\n\t\t\t\t\t\t\t\talt=\"\"\n\t\t\t\t\t\t\t\t\t\t\t\t\t\t\t\t\twidth=\"575\"\n\t\t\t\t\t\t\t\t\theight=\"1024\"\n\t\t\t\t\t\t\t\t\t\t\t\t\t\t\t>\n\t\t\t\t\t\t<\/div>\n\t\t\t\t\t\t\t\t\t\t\t<\/div>\t\t\t\t\t\n\t\t\t\t\t<div class=\"inner-blocks entry-content\">\n\t\t\t\t\t\t\t\t\t\t\t\t\t\n\n<h2 class=\"wp-block-heading is-style-default\" id=\"rymattylan-marssyvahdit\">RYM\u00c4TTYL\u00c4N M\u00c4RSSYVAHDIT<\/h2>\n\n\n\n<p>Rym\u00e4ttyl\u00e4n m\u00e4rssyvahdit is an active sea scout group in Naantali&#8217;s Rym\u00e4ttyl\u00e4. Our scout group, founded 1977, has over 80 members. <\/p>\n\n\n\t\t\t\t\t\t\t\t\t\t\t<\/div>\n\t\t\t\t<\/div>\n\t\t\t<\/div>\n\t\t<\/div>\n\t<\/div>\t\n\n\t\t\t\n<\/div>\n\n\n\n\n<div class=\"block-content full-width id-block\">\n\t<div class=\"container-lg\">\n\t\t<div class=\"row justify-content-center\">\n\t\t\t<div class=\"col col-12 col-md-10 col-xxl-6\">\t\t\t\n\t\t\t\t<div class=\"inner-blocks entry-content\">\n\t\t\t\t\t\t\t\t\t\t\t\n\n<h2 class=\"wp-block-heading is-style-secondary\" id=\"tekstinoston-otsikko-lorem-ipsum-dolor-sit-amet\">Join Rym\u00e4ttyl\u00e4n m\u00e4rssyvahdit! <\/h2>\n\n\n\n<p class=\"is-style-ingress\"><\/p>\n\n\n\n<div class=\"wp-block-buttons is-layout-flex wp-block-buttons-is-layout-flex\">\n<div class=\"wp-block-button\"><a class=\"wp-block-button__link wp-element-button\" href=\"https:\/\/www.partio.fi\/lippukunta\/rymattylan-marssyvahdit-ry\/\">Fill application<\/a><\/div>\n<\/div>\n\n\n\t\t\t\t\t\t\t\t\n\t\t\t\t<\/div>\n\t\t\t<\/div>\n\t\t<\/div>\n\t<\/div>\t\n\t\t\t\t\t<svg class=\"figure cross\" xmlns=\"http:\/\/www.w3.org\/2000\/svg\" width=\"107\" height=\"47.043\" viewBox=\"0 0 107 47.043\">\n\t\t    <g>\n\t\t        <path d=\"M29.916 6.541L23.349 0l-8.39 8.417L6.541 0 0 6.541l8.39 8.417L0 23.375l6.541 6.541 8.417-8.39 8.39 8.39 6.568-6.541-8.416-8.417z\" transform=\"rotate(-90 23.522 23.521) translate(17.127)\"\/>\n\t\t        <path d=\"M15.253 11.446A24.159 24.159 0 0 1 9.034 0L0 2.064a33.488 33.488 0 0 0 8.632 15.87l.08.08s.617.617 1.474 1.662l7.238-5.79c-1.099-1.341-1.93-2.198-2.171-2.44z\" transform=\"rotate(-90 23.522 23.521) translate(.429 60.519)\"\/>\n\t\t        <path d=\"M16.218 6.648L9.758 0A33.429 33.429 0 0 0 0 18.738l9.141 1.474a23.953 23.953 0 0 1 7.077-13.564z\" transform=\"rotate(-90 23.522 23.521) translate(0 30.828)\"\/>\n\t\t        <path d=\"M.161 3.163A21.712 21.712 0 0 1 1.5 10.481 19.441 19.441 0 0 1 0 17.907l8.578 3.538a28.792 28.792 0 0 0 2.2-10.964A30.739 30.739 0 0 0 8.873 0z\" transform=\"rotate(-90 23.522 23.521) translate(15.285 85.555)\"\/>\n\t\t    <\/g>\n\t\t<\/svg>\n\t\t\t<\/div>\n\n\n\n\n\t","protected":false},"excerpt":{"rendered":"","protected":false},"author":4,"featured_media":301,"parent":0,"menu_order":0,"comment_status":"closed","ping_status":"closed","template":"","meta":{"_acf_changed":false,"footnotes":""},"class_list":["post-300","page","type-page","status-publish","has-post-thumbnail","hentry"],"acf":[],"yoast_head":"<!-- This site is optimized with the Yoast SEO plugin v27.4 - https:\/\/yoast.com\/product\/yoast-seo-wordpress\/ -->\n<title>Front page - Rym\u00e4ttyl\u00e4n M\u00e4rssyvahdit ry<\/title>\n<meta name=\"robots\" content=\"index, follow, max-snippet:-1, max-image-preview:large, max-video-preview:-1\" \/>\n<link rel=\"canonical\" href=\"https:\/\/rmv.fi\/en\/\" \/>\n<meta property=\"og:locale\" content=\"en_US\" \/>\n<meta property=\"og:type\" content=\"article\" \/>\n<meta property=\"og:title\" content=\"Front page - Rym\u00e4ttyl\u00e4n M\u00e4rssyvahdit ry\" \/>\n<meta property=\"og:url\" content=\"https:\/\/rmv.fi\/en\/\" \/>\n<meta property=\"og:site_name\" content=\"Rym\u00e4ttyl\u00e4n M\u00e4rssyvahdit ry\" \/>\n<meta property=\"article:publisher\" content=\"https:\/\/www.facebook.com\/RymattylanMarssyvahdit\" \/>\n<meta property=\"article:modified_time\" content=\"2024-09-26T09:12:41+00:00\" \/>\n<meta property=\"og:image\" content=\"https:\/\/rmv.fi\/wp-content\/uploads\/sites\/56\/2022\/03\/0A28A6C0-5200-4BE2-8724-4E41D889C4B7.jpeg\" \/>\n\t<meta property=\"og:image:width\" content=\"1024\" \/>\n\t<meta property=\"og:image:height\" content=\"768\" \/>\n\t<meta property=\"og:image:type\" content=\"image\/jpeg\" \/>\n<meta name=\"twitter:card\" content=\"summary_large_image\" \/>\n<meta name=\"twitter:label1\" content=\"Est. reading time\" \/>\n\t<meta name=\"twitter:data1\" content=\"1 minute\" \/>\n<script type=\"application\/ld+json\" class=\"yoast-schema-graph\">{\"@context\":\"https:\\\/\\\/schema.org\",\"@graph\":[{\"@type\":\"WebPage\",\"@id\":\"https:\\\/\\\/rmv.fi\\\/en\\\/\",\"url\":\"https:\\\/\\\/rmv.fi\\\/en\\\/\",\"name\":\"Front page - Rym\u00e4ttyl\u00e4n M\u00e4rssyvahdit ry\",\"isPartOf\":{\"@id\":\"https:\\\/\\\/rmv.fi\\\/#website\"},\"primaryImageOfPage\":{\"@id\":\"https:\\\/\\\/rmv.fi\\\/en\\\/#primaryimage\"},\"image\":{\"@id\":\"https:\\\/\\\/rmv.fi\\\/en\\\/#primaryimage\"},\"thumbnailUrl\":\"https:\\\/\\\/rmv.fi\\\/wp-content\\\/uploads\\\/sites\\\/56\\\/2022\\\/03\\\/0A28A6C0-5200-4BE2-8724-4E41D889C4B7.jpeg\",\"datePublished\":\"2024-09-13T16:54:12+00:00\",\"dateModified\":\"2024-09-26T09:12:41+00:00\",\"breadcrumb\":{\"@id\":\"https:\\\/\\\/rmv.fi\\\/en\\\/#breadcrumb\"},\"inLanguage\":\"en-US\",\"potentialAction\":[{\"@type\":\"ReadAction\",\"target\":[\"https:\\\/\\\/rmv.fi\\\/en\\\/\"]}]},{\"@type\":\"ImageObject\",\"inLanguage\":\"en-US\",\"@id\":\"https:\\\/\\\/rmv.fi\\\/en\\\/#primaryimage\",\"url\":\"https:\\\/\\\/rmv.fi\\\/wp-content\\\/uploads\\\/sites\\\/56\\\/2022\\\/03\\\/0A28A6C0-5200-4BE2-8724-4E41D889C4B7.jpeg\",\"contentUrl\":\"https:\\\/\\\/rmv.fi\\\/wp-content\\\/uploads\\\/sites\\\/56\\\/2022\\\/03\\\/0A28A6C0-5200-4BE2-8724-4E41D889C4B7.jpeg\",\"width\":1024,\"height\":768},{\"@type\":\"BreadcrumbList\",\"@id\":\"https:\\\/\\\/rmv.fi\\\/en\\\/#breadcrumb\",\"itemListElement\":[{\"@type\":\"ListItem\",\"position\":1,\"name\":\"Etusivu\",\"item\":\"https:\\\/\\\/rmv.fi\\\/en\\\/\"},{\"@type\":\"ListItem\",\"position\":2,\"name\":\"Front page\"}]},{\"@type\":\"WebSite\",\"@id\":\"https:\\\/\\\/rmv.fi\\\/#website\",\"url\":\"https:\\\/\\\/rmv.fi\\\/\",\"name\":\"Rym\u00e4ttyl\u00e4n M\u00e4rssyvahdit ry\",\"description\":\"Uusi Partio Scout - Lippukunnat -sivusto\",\"potentialAction\":[{\"@type\":\"SearchAction\",\"target\":{\"@type\":\"EntryPoint\",\"urlTemplate\":\"https:\\\/\\\/rmv.fi\\\/?s={search_term_string}\"},\"query-input\":{\"@type\":\"PropertyValueSpecification\",\"valueRequired\":true,\"valueName\":\"search_term_string\"}}],\"inLanguage\":\"en-US\"}]}<\/script>\n<!-- \/ Yoast SEO plugin. -->","yoast_head_json":{"title":"Front page - Rym\u00e4ttyl\u00e4n M\u00e4rssyvahdit ry","robots":{"index":"index","follow":"follow","max-snippet":"max-snippet:-1","max-image-preview":"max-image-preview:large","max-video-preview":"max-video-preview:-1"},"canonical":"https:\/\/rmv.fi\/en\/","og_locale":"en_US","og_type":"article","og_title":"Front page - Rym\u00e4ttyl\u00e4n M\u00e4rssyvahdit ry","og_url":"https:\/\/rmv.fi\/en\/","og_site_name":"Rym\u00e4ttyl\u00e4n M\u00e4rssyvahdit ry","article_publisher":"https:\/\/www.facebook.com\/RymattylanMarssyvahdit","article_modified_time":"2024-09-26T09:12:41+00:00","og_image":[{"width":1024,"height":768,"url":"https:\/\/rmv.fi\/wp-content\/uploads\/sites\/56\/2022\/03\/0A28A6C0-5200-4BE2-8724-4E41D889C4B7.jpeg","type":"image\/jpeg"}],"twitter_card":"summary_large_image","twitter_misc":{"Est. reading time":"1 minute"},"schema":{"@context":"https:\/\/schema.org","@graph":[{"@type":"WebPage","@id":"https:\/\/rmv.fi\/en\/","url":"https:\/\/rmv.fi\/en\/","name":"Front page - Rym\u00e4ttyl\u00e4n M\u00e4rssyvahdit ry","isPartOf":{"@id":"https:\/\/rmv.fi\/#website"},"primaryImageOfPage":{"@id":"https:\/\/rmv.fi\/en\/#primaryimage"},"image":{"@id":"https:\/\/rmv.fi\/en\/#primaryimage"},"thumbnailUrl":"https:\/\/rmv.fi\/wp-content\/uploads\/sites\/56\/2022\/03\/0A28A6C0-5200-4BE2-8724-4E41D889C4B7.jpeg","datePublished":"2024-09-13T16:54:12+00:00","dateModified":"2024-09-26T09:12:41+00:00","breadcrumb":{"@id":"https:\/\/rmv.fi\/en\/#breadcrumb"},"inLanguage":"en-US","potentialAction":[{"@type":"ReadAction","target":["https:\/\/rmv.fi\/en\/"]}]},{"@type":"ImageObject","inLanguage":"en-US","@id":"https:\/\/rmv.fi\/en\/#primaryimage","url":"https:\/\/rmv.fi\/wp-content\/uploads\/sites\/56\/2022\/03\/0A28A6C0-5200-4BE2-8724-4E41D889C4B7.jpeg","contentUrl":"https:\/\/rmv.fi\/wp-content\/uploads\/sites\/56\/2022\/03\/0A28A6C0-5200-4BE2-8724-4E41D889C4B7.jpeg","width":1024,"height":768},{"@type":"BreadcrumbList","@id":"https:\/\/rmv.fi\/en\/#breadcrumb","itemListElement":[{"@type":"ListItem","position":1,"name":"Etusivu","item":"https:\/\/rmv.fi\/en\/"},{"@type":"ListItem","position":2,"name":"Front page"}]},{"@type":"WebSite","@id":"https:\/\/rmv.fi\/#website","url":"https:\/\/rmv.fi\/","name":"Rym\u00e4ttyl\u00e4n M\u00e4rssyvahdit ry","description":"Uusi Partio Scout - Lippukunnat -sivusto","potentialAction":[{"@type":"SearchAction","target":{"@type":"EntryPoint","urlTemplate":"https:\/\/rmv.fi\/?s={search_term_string}"},"query-input":{"@type":"PropertyValueSpecification","valueRequired":true,"valueName":"search_term_string"}}],"inLanguage":"en-US"}]}},"_links":{"self":[{"href":"https:\/\/rmv.fi\/en\/wp-json\/wp\/v2\/pages\/300","targetHints":{"allow":["GET"]}}],"collection":[{"href":"https:\/\/rmv.fi\/en\/wp-json\/wp\/v2\/pages"}],"about":[{"href":"https:\/\/rmv.fi\/en\/wp-json\/wp\/v2\/types\/page"}],"author":[{"embeddable":true,"href":"https:\/\/rmv.fi\/en\/wp-json\/wp\/v2\/users\/4"}],"replies":[{"embeddable":true,"href":"https:\/\/rmv.fi\/en\/wp-json\/wp\/v2\/comments?post=300"}],"version-history":[{"count":4,"href":"https:\/\/rmv.fi\/en\/wp-json\/wp\/v2\/pages\/300\/revisions"}],"predecessor-version":[{"id":340,"href":"https:\/\/rmv.fi\/en\/wp-json\/wp\/v2\/pages\/300\/revisions\/340"}],"wp:featuredmedia":[{"embeddable":true,"href":"https:\/\/rmv.fi\/en\/wp-json\/wp\/v2\/media\/301"}],"wp:attachment":[{"href":"https:\/\/rmv.fi\/en\/wp-json\/wp\/v2\/media?parent=300"}],"curies":[{"name":"wp","href":"https:\/\/api.w.org\/{rel}","templated":true}]}}