{"id":303,"date":"2024-09-13T20:25:09","date_gmt":"2024-09-13T17:25:09","guid":{"rendered":"https:\/\/rmv.fi\/scout-boats\/"},"modified":"2024-09-26T12:10:19","modified_gmt":"2024-09-26T09:10:19","slug":"scout-boats","status":"publish","type":"page","link":"https:\/\/rmv.fi\/en\/scout-boats\/","title":{"rendered":"Scout boats"},"content":{"rendered":"\n\n<div class=\"block-content-with-sidebar full-width id-block\">\n\t<div class=\"container-lg\">\n\t\t<div class=\"row\">\n\t\t\t<div class=\"col d-none d-lg-block col-lg-4 col-xxl-3\">\n\t\t\t\t<ul class=\"sidebar-menu\">\n\n<li  class=\"menu-item menu-item-311\"><a href=\"https:\/\/rmv.fi\/en\/contacts\/\">Contacts<\/a><\/li>\n<li  class=\"menu-item menu-item-326\"><a href=\"https:\/\/rmv.fi\/en\/events\/\">Events<\/a><\/li>\n<li  class=\"menu-item menu-item-300\"><a href=\"https:\/\/rmv.fi\/en\/\">Front page<\/a><\/li>\n<li  class=\"menu-item menu-item-324\"><a href=\"https:\/\/rmv.fi\/en\/groups\/\">Groups<\/a><\/li>\n<li  class=\"menu-item menu-item-328\"><a href=\"https:\/\/rmv.fi\/en\/information-about-the-scout-group\/\">Information about the Scout Group<\/a><\/li>\n<li  class=\"menu-item menu-item-308\"><a href=\"https:\/\/rmv.fi\/en\/instructions\/\">Instructions<\/a><\/li>\n<li  class=\"menu-item menu-item-330\"><a href=\"https:\/\/rmv.fi\/en\/join-us\/\">Join us<\/a><\/li>\n<li  class=\"menu-item menu-item-332 current-menu-parent\"><a href=\"https:\/\/rmv.fi\/en\/news\/\">News<\/a><\/li>\n<li  class=\"menu-item menu-item-303\"><a href=\"https:\/\/rmv.fi\/en\/scout-boats\/\" aria-current=\"page\">Scout boats<\/a><\/li><\/ul>\n\t\t\t<\/div>\n\t\t\t<div class=\"col col-12 col-lg-8 col-xxl-7 offset-xxl-1\">\t\n\t\t\t\t<div class=\"inner-blocks entry-content\">\n\t\t\t\t\t\t\t\t\t\t\t\n\n<h1 class=\"wp-block-heading\">S\/Y Otavatar<\/h1>\n\n\n\n<p>Otavatar is our newest sailboat. It was gifted to us in the spring of 2024 and we share ownership with Merimaskun Reimarit. With a new sailboat our goal is to broaden our sea scouting and guiding program and complete various scout badges in different age sections. For example, in cub scouts they have a badge for learning how to use boat&#8217;s toilet.    <\/p>\n\n\n\n<div class=\"wp-block-columns is-layout-flex wp-container-core-columns-is-layout-9d6595d7 wp-block-columns-is-layout-flex\">\n<div class=\"wp-block-column is-layout-flow wp-block-column-is-layout-flow\" style=\"flex-basis:100%\">\n<p>Bavaria 410 Lagoon<\/p>\n\n\n\n<ul class=\"wp-block-list\">\n<li><strong>Draft:<\/strong> 1.85 meters<\/li>\n\n\n\n<li><strong>Length:<\/strong> 41 feet \/ 12.8 meters<\/li>\n\n\n\n<li><strong>Height:<\/strong> <\/li>\n\n\n\n<li><strong>Width:<\/strong> 4 meters<\/li>\n\n\n\n<li> Two toilets, shower<\/li>\n<\/ul>\n<\/div>\n<\/div>\n\n\n\n<figure class=\"wp-block-image size-full\"><img decoding=\"async\" width=\"780\" height=\"774\" src=\"https:\/\/rmv.fi\/wp-content\/uploads\/sites\/56\/2024\/06\/image-2.png\" alt=\"\" class=\"wp-image-277\" srcset=\"https:\/\/rmv.fi\/wp-content\/uploads\/sites\/56\/2024\/06\/image-2.png 780w, https:\/\/rmv.fi\/wp-content\/uploads\/sites\/56\/2024\/06\/image-2-300x298.png 300w, https:\/\/rmv.fi\/wp-content\/uploads\/sites\/56\/2024\/06\/image-2-150x150.png 150w, https:\/\/rmv.fi\/wp-content\/uploads\/sites\/56\/2024\/06\/image-2-768x762.png 768w, https:\/\/rmv.fi\/wp-content\/uploads\/sites\/56\/2024\/06\/image-2-355x352.png 355w\" sizes=\"(max-width: 780px) 85vw, 780px\" \/><\/figure>\n\n\n\n<h2 class=\"wp-block-heading\">RIITTA<\/h2>\n\n\n\n<div class=\"wp-block-columns is-layout-flex wp-container-core-columns-is-layout-9d6595d7 wp-block-columns-is-layout-flex\">\n<div class=\"wp-block-column is-layout-flow wp-block-column-is-layout-flow\" style=\"flex-basis:100%\">\n<p>Riitta was carved to model an old archipelago fishing boat. It was handed over to M\u00e4rssyvahdit in Jiippi-project in 2012. In Riitta we use strong guides and scouts as a motor. The sailboat can fit 12 people.   <br>Riitta requires maintenance all year around, since the stern and the hull have to be treated with tar regularly. This is all done with volunteers.<br>Riitta doesn&#8217;t have a ballast keel so it can be docked into quite shallow waters. As weights we use, as is the tradition, stones in the bilge.  <br>Experiential sailing in the Rym\u00e4ttyl\u00e4 style!<\/p>\n\n\n\n<figure class=\"wp-block-image size-large\"><img decoding=\"async\" width=\"1024\" height=\"682\" src=\"https:\/\/rymattylanmarssyvahdit.partioscout.fi\/wp-content\/uploads\/sites\/56\/2022\/03\/Riitta-1-1024x682.jpg\" alt=\"\" class=\"wp-image-113\" srcset=\"https:\/\/rmv.fi\/wp-content\/uploads\/sites\/56\/2022\/03\/Riitta-1-1024x682.jpg 1024w, https:\/\/rmv.fi\/wp-content\/uploads\/sites\/56\/2022\/03\/Riitta-1-300x200.jpg 300w, https:\/\/rmv.fi\/wp-content\/uploads\/sites\/56\/2022\/03\/Riitta-1-768x511.jpg 768w, https:\/\/rmv.fi\/wp-content\/uploads\/sites\/56\/2022\/03\/Riitta-1-529x352.jpg 529w, https:\/\/rmv.fi\/wp-content\/uploads\/sites\/56\/2022\/03\/Riitta-1-1200x799.jpg 1200w, https:\/\/rmv.fi\/wp-content\/uploads\/sites\/56\/2022\/03\/Riitta-1.jpg 1473w\" sizes=\"(max-width: 1024px) 100vw, 1024px\" \/><\/figure>\n<\/div>\n<\/div>\n\n\n\n<h2 class=\"wp-block-heading\">AGAPI<\/h2>\n\n\n\n<p>Agapi &#8220;mustard jar&#8221; is small sailboat that was gifted to our scout group. Agapi is an excellent training sailboat for basic sailing. It can be used a Riitta&#8217;s support boat and for a small boat Agapi is quite spacious. Agapi is able to fit 4-5 five scouts or guides.   <\/p>\n\n\n\n<figure class=\"wp-block-image is-resized\"><img decoding=\"async\" width=\"682\" height=\"1024\" src=\"https:\/\/rymattylanmarssyvahdit.partioscout.fi\/wp-content\/uploads\/sites\/56\/2022\/03\/Agapi-1-682x1024.jpg\" alt=\"\" class=\"wp-image-117\" style=\"width:425px;height:auto\" srcset=\"https:\/\/rmv.fi\/wp-content\/uploads\/sites\/56\/2022\/03\/Agapi-1-682x1024.jpg 682w, https:\/\/rmv.fi\/wp-content\/uploads\/sites\/56\/2022\/03\/Agapi-1-200x300.jpg 200w, https:\/\/rmv.fi\/wp-content\/uploads\/sites\/56\/2022\/03\/Agapi-1-768x1152.jpg 768w, https:\/\/rmv.fi\/wp-content\/uploads\/sites\/56\/2022\/03\/Agapi-1-235x352.jpg 235w, https:\/\/rmv.fi\/wp-content\/uploads\/sites\/56\/2022\/03\/Agapi-1.jpg 1007w\" sizes=\"(max-width: 682px) 85vw, 682px\" \/><\/figure>\n\n\n\n<h2 class=\"wp-block-heading\">Terhi<\/h2>\n\n\n\n<p>Terhi can fit 4 people at max and is used especially by young scouts and guides. Terhi spent a few years in Kolo until it was launched. Terhi is a dinghy so even young scouts and guides can sail with it independently.  <\/p>\n\n\n\n<figure class=\"wp-block-image\"><img decoding=\"async\" width=\"1024\" height=\"768\" src=\"https:\/\/rymattylanmarssyvahdit.partioscout.fi\/wp-content\/uploads\/sites\/56\/2022\/03\/16116221-7680-4B69-8A25-BED13E706132.jpeg\" alt=\"\" class=\"wp-image-160\" srcset=\"https:\/\/rmv.fi\/wp-content\/uploads\/sites\/56\/2022\/03\/16116221-7680-4B69-8A25-BED13E706132.jpeg 1024w, https:\/\/rmv.fi\/wp-content\/uploads\/sites\/56\/2022\/03\/16116221-7680-4B69-8A25-BED13E706132-300x225.jpeg 300w, https:\/\/rmv.fi\/wp-content\/uploads\/sites\/56\/2022\/03\/16116221-7680-4B69-8A25-BED13E706132-768x576.jpeg 768w, https:\/\/rmv.fi\/wp-content\/uploads\/sites\/56\/2022\/03\/16116221-7680-4B69-8A25-BED13E706132-469x352.jpeg 469w\" sizes=\"(max-width: 1024px) 100vw, 1024px\" \/><\/figure>\n\n\n\t\t\t\t\t\t\t\t\t<\/div>\n\t\t\t<\/div>\n\t\t<\/div>\n\t<\/div>\t\n\t\t\t\t\t<svg class=\"figure cross\" xmlns=\"http:\/\/www.w3.org\/2000\/svg\" width=\"107\" height=\"47.043\" viewBox=\"0 0 107 47.043\">\n\t\t    <g>\n\t\t        <path d=\"M29.916 6.541L23.349 0l-8.39 8.417L6.541 0 0 6.541l8.39 8.417L0 23.375l6.541 6.541 8.417-8.39 8.39 8.39 6.568-6.541-8.416-8.417z\" transform=\"rotate(-90 23.522 23.521) translate(17.127)\"\/>\n\t\t        <path d=\"M15.253 11.446A24.159 24.159 0 0 1 9.034 0L0 2.064a33.488 33.488 0 0 0 8.632 15.87l.08.08s.617.617 1.474 1.662l7.238-5.79c-1.099-1.341-1.93-2.198-2.171-2.44z\" transform=\"rotate(-90 23.522 23.521) translate(.429 60.519)\"\/>\n\t\t        <path d=\"M16.218 6.648L9.758 0A33.429 33.429 0 0 0 0 18.738l9.141 1.474a23.953 23.953 0 0 1 7.077-13.564z\" transform=\"rotate(-90 23.522 23.521) translate(0 30.828)\"\/>\n\t\t        <path d=\"M.161 3.163A21.712 21.712 0 0 1 1.5 10.481 19.441 19.441 0 0 1 0 17.907l8.578 3.538a28.792 28.792 0 0 0 2.2-10.964A30.739 30.739 0 0 0 8.873 0z\" transform=\"rotate(-90 23.522 23.521) translate(15.285 85.555)\"\/>\n\t\t    <\/g>\n\t\t<\/svg>\n\t\t\t<\/div>\n\n\n\n<h2 class=\"wp-block-heading\"><\/h2>\n","protected":false},"excerpt":{"rendered":"","protected":false},"author":69,"featured_media":0,"parent":0,"menu_order":0,"comment_status":"closed","ping_status":"closed","template":"","meta":{"_acf_changed":false,"footnotes":""},"class_list":["post-303","page","type-page","status-publish","hentry"],"acf":[],"yoast_head":"<!-- This site is optimized with the Yoast SEO plugin v27.4 - https:\/\/yoast.com\/product\/yoast-seo-wordpress\/ -->\n<title>Scout boats - Rym\u00e4ttyl\u00e4n M\u00e4rssyvahdit ry<\/title>\n<meta name=\"robots\" content=\"index, follow, max-snippet:-1, max-image-preview:large, max-video-preview:-1\" \/>\n<link rel=\"canonical\" href=\"https:\/\/rmv.fi\/en\/scout-boats\/\" \/>\n<meta property=\"og:locale\" content=\"en_US\" \/>\n<meta property=\"og:type\" content=\"article\" \/>\n<meta property=\"og:title\" content=\"Scout boats - Rym\u00e4ttyl\u00e4n M\u00e4rssyvahdit ry\" \/>\n<meta property=\"og:url\" content=\"https:\/\/rmv.fi\/en\/scout-boats\/\" \/>\n<meta property=\"og:site_name\" content=\"Rym\u00e4ttyl\u00e4n M\u00e4rssyvahdit ry\" \/>\n<meta property=\"article:publisher\" content=\"https:\/\/www.facebook.com\/RymattylanMarssyvahdit\" \/>\n<meta property=\"article:modified_time\" content=\"2024-09-26T09:10:19+00:00\" \/>\n<meta property=\"og:image\" content=\"https:\/\/rmv.fi\/wp-content\/uploads\/sites\/56\/2024\/06\/image-2.png\" \/>\n<meta name=\"twitter:card\" content=\"summary_large_image\" \/>\n<meta name=\"twitter:label1\" content=\"Est. reading time\" \/>\n\t<meta name=\"twitter:data1\" content=\"6 minutes\" \/>\n<script type=\"application\/ld+json\" class=\"yoast-schema-graph\">{\"@context\":\"https:\\\/\\\/schema.org\",\"@graph\":[{\"@type\":\"WebPage\",\"@id\":\"https:\\\/\\\/rmv.fi\\\/en\\\/scout-boats\\\/\",\"url\":\"https:\\\/\\\/rmv.fi\\\/en\\\/scout-boats\\\/\",\"name\":\"Scout boats - Rym\u00e4ttyl\u00e4n M\u00e4rssyvahdit ry\",\"isPartOf\":{\"@id\":\"https:\\\/\\\/rmv.fi\\\/#website\"},\"primaryImageOfPage\":{\"@id\":\"https:\\\/\\\/rmv.fi\\\/en\\\/scout-boats\\\/#primaryimage\"},\"image\":{\"@id\":\"https:\\\/\\\/rmv.fi\\\/en\\\/scout-boats\\\/#primaryimage\"},\"thumbnailUrl\":\"https:\\\/\\\/rmv.fi\\\/wp-content\\\/uploads\\\/sites\\\/56\\\/2024\\\/06\\\/image-2.png\",\"datePublished\":\"2024-09-13T17:25:09+00:00\",\"dateModified\":\"2024-09-26T09:10:19+00:00\",\"breadcrumb\":{\"@id\":\"https:\\\/\\\/rmv.fi\\\/en\\\/scout-boats\\\/#breadcrumb\"},\"inLanguage\":\"en-US\",\"potentialAction\":[{\"@type\":\"ReadAction\",\"target\":[\"https:\\\/\\\/rmv.fi\\\/en\\\/scout-boats\\\/\"]}]},{\"@type\":\"ImageObject\",\"inLanguage\":\"en-US\",\"@id\":\"https:\\\/\\\/rmv.fi\\\/en\\\/scout-boats\\\/#primaryimage\",\"url\":\"https:\\\/\\\/rmv.fi\\\/wp-content\\\/uploads\\\/sites\\\/56\\\/2024\\\/06\\\/image-2.png\",\"contentUrl\":\"https:\\\/\\\/rmv.fi\\\/wp-content\\\/uploads\\\/sites\\\/56\\\/2024\\\/06\\\/image-2.png\"},{\"@type\":\"BreadcrumbList\",\"@id\":\"https:\\\/\\\/rmv.fi\\\/en\\\/scout-boats\\\/#breadcrumb\",\"itemListElement\":[{\"@type\":\"ListItem\",\"position\":1,\"name\":\"Etusivu\",\"item\":\"https:\\\/\\\/rmv.fi\\\/en\\\/\"},{\"@type\":\"ListItem\",\"position\":2,\"name\":\"Scout boats\"}]},{\"@type\":\"WebSite\",\"@id\":\"https:\\\/\\\/rmv.fi\\\/#website\",\"url\":\"https:\\\/\\\/rmv.fi\\\/\",\"name\":\"Rym\u00e4ttyl\u00e4n M\u00e4rssyvahdit ry\",\"description\":\"Uusi Partio Scout - Lippukunnat -sivusto\",\"potentialAction\":[{\"@type\":\"SearchAction\",\"target\":{\"@type\":\"EntryPoint\",\"urlTemplate\":\"https:\\\/\\\/rmv.fi\\\/?s={search_term_string}\"},\"query-input\":{\"@type\":\"PropertyValueSpecification\",\"valueRequired\":true,\"valueName\":\"search_term_string\"}}],\"inLanguage\":\"en-US\"}]}<\/script>\n<!-- \/ Yoast SEO plugin. -->","yoast_head_json":{"title":"Scout boats - Rym\u00e4ttyl\u00e4n M\u00e4rssyvahdit ry","robots":{"index":"index","follow":"follow","max-snippet":"max-snippet:-1","max-image-preview":"max-image-preview:large","max-video-preview":"max-video-preview:-1"},"canonical":"https:\/\/rmv.fi\/en\/scout-boats\/","og_locale":"en_US","og_type":"article","og_title":"Scout boats - Rym\u00e4ttyl\u00e4n M\u00e4rssyvahdit ry","og_url":"https:\/\/rmv.fi\/en\/scout-boats\/","og_site_name":"Rym\u00e4ttyl\u00e4n M\u00e4rssyvahdit ry","article_publisher":"https:\/\/www.facebook.com\/RymattylanMarssyvahdit","article_modified_time":"2024-09-26T09:10:19+00:00","og_image":[{"url":"https:\/\/rmv.fi\/wp-content\/uploads\/sites\/56\/2024\/06\/image-2.png","type":"","width":"","height":""}],"twitter_card":"summary_large_image","twitter_misc":{"Est. reading time":"6 minutes"},"schema":{"@context":"https:\/\/schema.org","@graph":[{"@type":"WebPage","@id":"https:\/\/rmv.fi\/en\/scout-boats\/","url":"https:\/\/rmv.fi\/en\/scout-boats\/","name":"Scout boats - Rym\u00e4ttyl\u00e4n M\u00e4rssyvahdit ry","isPartOf":{"@id":"https:\/\/rmv.fi\/#website"},"primaryImageOfPage":{"@id":"https:\/\/rmv.fi\/en\/scout-boats\/#primaryimage"},"image":{"@id":"https:\/\/rmv.fi\/en\/scout-boats\/#primaryimage"},"thumbnailUrl":"https:\/\/rmv.fi\/wp-content\/uploads\/sites\/56\/2024\/06\/image-2.png","datePublished":"2024-09-13T17:25:09+00:00","dateModified":"2024-09-26T09:10:19+00:00","breadcrumb":{"@id":"https:\/\/rmv.fi\/en\/scout-boats\/#breadcrumb"},"inLanguage":"en-US","potentialAction":[{"@type":"ReadAction","target":["https:\/\/rmv.fi\/en\/scout-boats\/"]}]},{"@type":"ImageObject","inLanguage":"en-US","@id":"https:\/\/rmv.fi\/en\/scout-boats\/#primaryimage","url":"https:\/\/rmv.fi\/wp-content\/uploads\/sites\/56\/2024\/06\/image-2.png","contentUrl":"https:\/\/rmv.fi\/wp-content\/uploads\/sites\/56\/2024\/06\/image-2.png"},{"@type":"BreadcrumbList","@id":"https:\/\/rmv.fi\/en\/scout-boats\/#breadcrumb","itemListElement":[{"@type":"ListItem","position":1,"name":"Etusivu","item":"https:\/\/rmv.fi\/en\/"},{"@type":"ListItem","position":2,"name":"Scout boats"}]},{"@type":"WebSite","@id":"https:\/\/rmv.fi\/#website","url":"https:\/\/rmv.fi\/","name":"Rym\u00e4ttyl\u00e4n M\u00e4rssyvahdit ry","description":"Uusi Partio Scout - Lippukunnat -sivusto","potentialAction":[{"@type":"SearchAction","target":{"@type":"EntryPoint","urlTemplate":"https:\/\/rmv.fi\/?s={search_term_string}"},"query-input":{"@type":"PropertyValueSpecification","valueRequired":true,"valueName":"search_term_string"}}],"inLanguage":"en-US"}]}},"_links":{"self":[{"href":"https:\/\/rmv.fi\/en\/wp-json\/wp\/v2\/pages\/303","targetHints":{"allow":["GET"]}}],"collection":[{"href":"https:\/\/rmv.fi\/en\/wp-json\/wp\/v2\/pages"}],"about":[{"href":"https:\/\/rmv.fi\/en\/wp-json\/wp\/v2\/types\/page"}],"author":[{"embeddable":true,"href":"https:\/\/rmv.fi\/en\/wp-json\/wp\/v2\/users\/69"}],"replies":[{"embeddable":true,"href":"https:\/\/rmv.fi\/en\/wp-json\/wp\/v2\/comments?post=303"}],"version-history":[{"count":5,"href":"https:\/\/rmv.fi\/en\/wp-json\/wp\/v2\/pages\/303\/revisions"}],"predecessor-version":[{"id":338,"href":"https:\/\/rmv.fi\/en\/wp-json\/wp\/v2\/pages\/303\/revisions\/338"}],"wp:attachment":[{"href":"https:\/\/rmv.fi\/en\/wp-json\/wp\/v2\/media?parent=303"}],"curies":[{"name":"wp","href":"https:\/\/api.w.org\/{rel}","templated":true}]}}