{"id":328,"date":"2024-09-26T11:53:09","date_gmt":"2024-09-26T08:53:09","guid":{"rendered":"https:\/\/rmv.fi\/information-about-the-scout-group\/"},"modified":"2024-09-26T11:53:09","modified_gmt":"2024-09-26T08:53:09","slug":"information-about-the-scout-group","status":"publish","type":"page","link":"https:\/\/rmv.fi\/en\/information-about-the-scout-group\/","title":{"rendered":"Information about the Scout Group"},"content":{"rendered":"\n\n<div class=\"block-content-with-sidebar full-width id-block\">\n\t<div class=\"container-lg\">\n\t\t<div class=\"row\">\n\t\t\t<div class=\"col d-none d-lg-block col-lg-4 col-xxl-3\">\n\t\t\t\t<ul class=\"sidebar-menu\">\n\n<li  class=\"menu-item menu-item-311\"><a href=\"https:\/\/rmv.fi\/en\/contacts\/\">Contacts<\/a><\/li>\n<li  class=\"menu-item menu-item-326\"><a href=\"https:\/\/rmv.fi\/en\/events\/\">Events<\/a><\/li>\n<li  class=\"menu-item menu-item-300\"><a href=\"https:\/\/rmv.fi\/en\/\">Front page<\/a><\/li>\n<li  class=\"menu-item menu-item-324\"><a href=\"https:\/\/rmv.fi\/en\/groups\/\">Groups<\/a><\/li>\n<li  class=\"menu-item menu-item-328\"><a href=\"https:\/\/rmv.fi\/en\/information-about-the-scout-group\/\" aria-current=\"page\">Information about the Scout Group<\/a><\/li>\n<li  class=\"menu-item menu-item-308\"><a href=\"https:\/\/rmv.fi\/en\/instructions\/\">Instructions<\/a><\/li>\n<li  class=\"menu-item menu-item-330\"><a href=\"https:\/\/rmv.fi\/en\/join-us\/\">Join us<\/a><\/li>\n<li  class=\"menu-item menu-item-332 current-menu-parent\"><a href=\"https:\/\/rmv.fi\/en\/news\/\">News<\/a><\/li>\n<li  class=\"menu-item menu-item-303\"><a href=\"https:\/\/rmv.fi\/en\/scout-boats\/\">Scout boats<\/a><\/li><\/ul>\n\t\t\t<\/div>\n\t\t\t<div class=\"col col-12 col-lg-8 col-xxl-7 offset-xxl-1\">\t\n\t\t\t\t<div class=\"inner-blocks entry-content\">\n\t\t\t\t\t\t\t\t\t\t\t\n\n<h1 class=\"wp-block-heading\">Information about the Scout Group<\/h1>\n\n\n\n<p>Rym\u00e4ttyl\u00e4&#8217;s M\u00e4rssyvahdit is an actively operating sea scout group located in Rym\u00e4ttyl\u00e4, Naantali. Founded in 1977, the group has over 80 members. The first leader of the M\u00e4rssyvahdit scout group was Matti Rinne.   <\/p>\n\n\n\n<h2 class=\"wp-block-heading\">Meeting place<\/h2>\n\n\n\n<p>The &#8220;Koloillat&#8221; (den or meeting nights) are at Vanha Ahteentaantie 7, Rym\u00e4ttyl\u00e4. <\/p>\n\n\n\n<h2 class=\"wp-block-heading\">The camping area in Samsaari <\/h2>\n\n\n\n<p>60\u00b0 19\u2032 15.9\u2033 N, 21\u00b0 49\u2032 10.7\u2033 E<\/p>\n\n\n\n<p>Samsaari is located in the western archipelago of Rym\u00e4ttyl\u00e4, and can also be accessed by a ferry named Isla. Our camping area is situated at the eastern side of the island. The facilities on the island are basic and rustic, with no running water or electricity. In our small cabin, there is a cozy sauna and a functional camp kitchen.   <br\/>In the summer of 2015, work parties were held on the island, during which outdoor toilets and a covered terrace for the cabin were constructed. There is a dock and a buoy for boats on the southern side of the area, near the cabin. In Falkinniemi, we traditionally enjoy atmospheric evening campfires as the sun sets. The beautiful natural forest is perfectly suited for M\u00e4rssyvahdit&#8217;s camping activities.   <\/p>\n\n\n\n<p>Today, the highly popular Samsaari features a swimming dock (built in 2019), and in 2023 efforts were made to tidy up the well located in the area. There are also plans to repair the kitchen roof in the summer of 2024.. <\/p>\n\n\n\n<figure class=\"wp-block-image size-large\"><img decoding=\"async\" width=\"1024\" height=\"682\" src=\"https:\/\/rymattylanmarssyvahdit.partioscout.fi\/wp-content\/uploads\/sites\/56\/2022\/03\/Samsaari-1024x682.jpg\" alt=\"\" class=\"wp-image-137\" srcset=\"https:\/\/rmv.fi\/wp-content\/uploads\/sites\/56\/2022\/03\/Samsaari-1024x682.jpg 1024w, https:\/\/rmv.fi\/wp-content\/uploads\/sites\/56\/2022\/03\/Samsaari-300x200.jpg 300w, https:\/\/rmv.fi\/wp-content\/uploads\/sites\/56\/2022\/03\/Samsaari-768x511.jpg 768w, https:\/\/rmv.fi\/wp-content\/uploads\/sites\/56\/2022\/03\/Samsaari-529x352.jpg 529w, https:\/\/rmv.fi\/wp-content\/uploads\/sites\/56\/2022\/03\/Samsaari-1200x799.jpg 1200w, https:\/\/rmv.fi\/wp-content\/uploads\/sites\/56\/2022\/03\/Samsaari.jpg 1473w\" sizes=\"(max-width: 1024px) 100vw, 1024px\" \/><\/figure>\n\n\n\t\t\t\t\t\t\t\t\t<\/div>\n\t\t\t<\/div>\n\t\t<\/div>\n\t<\/div>\t\n\t\t\t\t\t<svg class=\"figure cross\" xmlns=\"http:\/\/www.w3.org\/2000\/svg\" width=\"107\" height=\"47.043\" viewBox=\"0 0 107 47.043\">\n\t\t    <g>\n\t\t        <path d=\"M29.916 6.541L23.349 0l-8.39 8.417L6.541 0 0 6.541l8.39 8.417L0 23.375l6.541 6.541 8.417-8.39 8.39 8.39 6.568-6.541-8.416-8.417z\" transform=\"rotate(-90 23.522 23.521) translate(17.127)\"\/>\n\t\t        <path d=\"M15.253 11.446A24.159 24.159 0 0 1 9.034 0L0 2.064a33.488 33.488 0 0 0 8.632 15.87l.08.08s.617.617 1.474 1.662l7.238-5.79c-1.099-1.341-1.93-2.198-2.171-2.44z\" transform=\"rotate(-90 23.522 23.521) translate(.429 60.519)\"\/>\n\t\t        <path d=\"M16.218 6.648L9.758 0A33.429 33.429 0 0 0 0 18.738l9.141 1.474a23.953 23.953 0 0 1 7.077-13.564z\" transform=\"rotate(-90 23.522 23.521) translate(0 30.828)\"\/>\n\t\t        <path d=\"M.161 3.163A21.712 21.712 0 0 1 1.5 10.481 19.441 19.441 0 0 1 0 17.907l8.578 3.538a28.792 28.792 0 0 0 2.2-10.964A30.739 30.739 0 0 0 8.873 0z\" transform=\"rotate(-90 23.522 23.521) translate(15.285 85.555)\"\/>\n\t\t    <\/g>\n\t\t<\/svg>\n\t\t\t<\/div>\n","protected":false},"excerpt":{"rendered":"","protected":false},"author":4,"featured_media":0,"parent":0,"menu_order":0,"comment_status":"closed","ping_status":"closed","template":"","meta":{"_acf_changed":false,"footnotes":""},"class_list":["post-328","page","type-page","status-publish","hentry"],"acf":[],"yoast_head":"<!-- This site is optimized with the Yoast SEO plugin v27.4 - https:\/\/yoast.com\/product\/yoast-seo-wordpress\/ -->\n<title>Information about the Scout Group - Rym\u00e4ttyl\u00e4n M\u00e4rssyvahdit ry<\/title>\n<meta name=\"description\" content=\"Rym\u00e4ttyl\u00e4&#039;s M\u00e4rssyvahdit is an active sea scout group that offers activities for scouts of all ages. The group has three boats named Agapi, Riitta and Otavatar.\" \/>\n<meta name=\"robots\" content=\"index, follow, max-snippet:-1, max-image-preview:large, max-video-preview:-1\" \/>\n<link rel=\"canonical\" href=\"https:\/\/rmv.fi\/en\/information-about-the-scout-group\/\" \/>\n<meta property=\"og:locale\" content=\"en_US\" \/>\n<meta property=\"og:type\" content=\"article\" \/>\n<meta property=\"og:title\" content=\"Information about the Scout Group - Rym\u00e4ttyl\u00e4n M\u00e4rssyvahdit ry\" \/>\n<meta property=\"og:description\" content=\"Rym\u00e4ttyl\u00e4&#039;s M\u00e4rssyvahdit is an active sea scout group that offers activities for scouts of all ages. The group has three boats named Agapi, Riitta and Otavatar.\" \/>\n<meta property=\"og:url\" content=\"https:\/\/rmv.fi\/en\/information-about-the-scout-group\/\" \/>\n<meta property=\"og:site_name\" content=\"Rym\u00e4ttyl\u00e4n M\u00e4rssyvahdit ry\" \/>\n<meta property=\"article:publisher\" content=\"https:\/\/www.facebook.com\/RymattylanMarssyvahdit\" \/>\n<meta property=\"og:image\" content=\"https:\/\/rymattylanmarssyvahdit.partioscout.fi\/wp-content\/uploads\/sites\/56\/2022\/03\/Samsaari-1024x682.jpg\" \/>\n<meta name=\"twitter:card\" content=\"summary_large_image\" \/>\n<meta name=\"twitter:label1\" content=\"Est. reading time\" \/>\n\t<meta name=\"twitter:data1\" content=\"1 minute\" \/>\n<script type=\"application\/ld+json\" class=\"yoast-schema-graph\">{\"@context\":\"https:\\\/\\\/schema.org\",\"@graph\":[{\"@type\":\"WebPage\",\"@id\":\"https:\\\/\\\/rmv.fi\\\/en\\\/information-about-the-scout-group\\\/\",\"url\":\"https:\\\/\\\/rmv.fi\\\/en\\\/information-about-the-scout-group\\\/\",\"name\":\"Information about the Scout Group - Rym\u00e4ttyl\u00e4n M\u00e4rssyvahdit ry\",\"isPartOf\":{\"@id\":\"https:\\\/\\\/rmv.fi\\\/#website\"},\"primaryImageOfPage\":{\"@id\":\"https:\\\/\\\/rmv.fi\\\/en\\\/information-about-the-scout-group\\\/#primaryimage\"},\"image\":{\"@id\":\"https:\\\/\\\/rmv.fi\\\/en\\\/information-about-the-scout-group\\\/#primaryimage\"},\"thumbnailUrl\":\"https:\\\/\\\/rymattylanmarssyvahdit.partioscout.fi\\\/wp-content\\\/uploads\\\/sites\\\/56\\\/2022\\\/03\\\/Samsaari-1024x682.jpg\",\"datePublished\":\"2024-09-26T08:53:09+00:00\",\"description\":\"Rym\u00e4ttyl\u00e4's M\u00e4rssyvahdit is an active sea scout group that offers activities for scouts of all ages. The group has three boats named Agapi, Riitta and Otavatar.\",\"breadcrumb\":{\"@id\":\"https:\\\/\\\/rmv.fi\\\/en\\\/information-about-the-scout-group\\\/#breadcrumb\"},\"inLanguage\":\"en-US\",\"potentialAction\":[{\"@type\":\"ReadAction\",\"target\":[\"https:\\\/\\\/rmv.fi\\\/en\\\/information-about-the-scout-group\\\/\"]}]},{\"@type\":\"ImageObject\",\"inLanguage\":\"en-US\",\"@id\":\"https:\\\/\\\/rmv.fi\\\/en\\\/information-about-the-scout-group\\\/#primaryimage\",\"url\":\"https:\\\/\\\/rymattylanmarssyvahdit.partioscout.fi\\\/wp-content\\\/uploads\\\/sites\\\/56\\\/2022\\\/03\\\/Samsaari-1024x682.jpg\",\"contentUrl\":\"https:\\\/\\\/rymattylanmarssyvahdit.partioscout.fi\\\/wp-content\\\/uploads\\\/sites\\\/56\\\/2022\\\/03\\\/Samsaari-1024x682.jpg\"},{\"@type\":\"BreadcrumbList\",\"@id\":\"https:\\\/\\\/rmv.fi\\\/en\\\/information-about-the-scout-group\\\/#breadcrumb\",\"itemListElement\":[{\"@type\":\"ListItem\",\"position\":1,\"name\":\"Etusivu\",\"item\":\"https:\\\/\\\/rmv.fi\\\/en\\\/\"},{\"@type\":\"ListItem\",\"position\":2,\"name\":\"Information about the Scout Group\"}]},{\"@type\":\"WebSite\",\"@id\":\"https:\\\/\\\/rmv.fi\\\/#website\",\"url\":\"https:\\\/\\\/rmv.fi\\\/\",\"name\":\"Rym\u00e4ttyl\u00e4n M\u00e4rssyvahdit ry\",\"description\":\"Uusi Partio Scout - Lippukunnat -sivusto\",\"potentialAction\":[{\"@type\":\"SearchAction\",\"target\":{\"@type\":\"EntryPoint\",\"urlTemplate\":\"https:\\\/\\\/rmv.fi\\\/?s={search_term_string}\"},\"query-input\":{\"@type\":\"PropertyValueSpecification\",\"valueRequired\":true,\"valueName\":\"search_term_string\"}}],\"inLanguage\":\"en-US\"}]}<\/script>\n<!-- \/ Yoast SEO plugin. -->","yoast_head_json":{"title":"Information about the Scout Group - Rym\u00e4ttyl\u00e4n M\u00e4rssyvahdit ry","description":"Rym\u00e4ttyl\u00e4's M\u00e4rssyvahdit is an active sea scout group that offers activities for scouts of all ages. The group has three boats named Agapi, Riitta and Otavatar.","robots":{"index":"index","follow":"follow","max-snippet":"max-snippet:-1","max-image-preview":"max-image-preview:large","max-video-preview":"max-video-preview:-1"},"canonical":"https:\/\/rmv.fi\/en\/information-about-the-scout-group\/","og_locale":"en_US","og_type":"article","og_title":"Information about the Scout Group - Rym\u00e4ttyl\u00e4n M\u00e4rssyvahdit ry","og_description":"Rym\u00e4ttyl\u00e4's M\u00e4rssyvahdit is an active sea scout group that offers activities for scouts of all ages. The group has three boats named Agapi, Riitta and Otavatar.","og_url":"https:\/\/rmv.fi\/en\/information-about-the-scout-group\/","og_site_name":"Rym\u00e4ttyl\u00e4n M\u00e4rssyvahdit ry","article_publisher":"https:\/\/www.facebook.com\/RymattylanMarssyvahdit","og_image":[{"url":"https:\/\/rymattylanmarssyvahdit.partioscout.fi\/wp-content\/uploads\/sites\/56\/2022\/03\/Samsaari-1024x682.jpg","type":"","width":"","height":""}],"twitter_card":"summary_large_image","twitter_misc":{"Est. reading time":"1 minute"},"schema":{"@context":"https:\/\/schema.org","@graph":[{"@type":"WebPage","@id":"https:\/\/rmv.fi\/en\/information-about-the-scout-group\/","url":"https:\/\/rmv.fi\/en\/information-about-the-scout-group\/","name":"Information about the Scout Group - Rym\u00e4ttyl\u00e4n M\u00e4rssyvahdit ry","isPartOf":{"@id":"https:\/\/rmv.fi\/#website"},"primaryImageOfPage":{"@id":"https:\/\/rmv.fi\/en\/information-about-the-scout-group\/#primaryimage"},"image":{"@id":"https:\/\/rmv.fi\/en\/information-about-the-scout-group\/#primaryimage"},"thumbnailUrl":"https:\/\/rymattylanmarssyvahdit.partioscout.fi\/wp-content\/uploads\/sites\/56\/2022\/03\/Samsaari-1024x682.jpg","datePublished":"2024-09-26T08:53:09+00:00","description":"Rym\u00e4ttyl\u00e4's M\u00e4rssyvahdit is an active sea scout group that offers activities for scouts of all ages. The group has three boats named Agapi, Riitta and Otavatar.","breadcrumb":{"@id":"https:\/\/rmv.fi\/en\/information-about-the-scout-group\/#breadcrumb"},"inLanguage":"en-US","potentialAction":[{"@type":"ReadAction","target":["https:\/\/rmv.fi\/en\/information-about-the-scout-group\/"]}]},{"@type":"ImageObject","inLanguage":"en-US","@id":"https:\/\/rmv.fi\/en\/information-about-the-scout-group\/#primaryimage","url":"https:\/\/rymattylanmarssyvahdit.partioscout.fi\/wp-content\/uploads\/sites\/56\/2022\/03\/Samsaari-1024x682.jpg","contentUrl":"https:\/\/rymattylanmarssyvahdit.partioscout.fi\/wp-content\/uploads\/sites\/56\/2022\/03\/Samsaari-1024x682.jpg"},{"@type":"BreadcrumbList","@id":"https:\/\/rmv.fi\/en\/information-about-the-scout-group\/#breadcrumb","itemListElement":[{"@type":"ListItem","position":1,"name":"Etusivu","item":"https:\/\/rmv.fi\/en\/"},{"@type":"ListItem","position":2,"name":"Information about the Scout Group"}]},{"@type":"WebSite","@id":"https:\/\/rmv.fi\/#website","url":"https:\/\/rmv.fi\/","name":"Rym\u00e4ttyl\u00e4n M\u00e4rssyvahdit ry","description":"Uusi Partio Scout - Lippukunnat -sivusto","potentialAction":[{"@type":"SearchAction","target":{"@type":"EntryPoint","urlTemplate":"https:\/\/rmv.fi\/?s={search_term_string}"},"query-input":{"@type":"PropertyValueSpecification","valueRequired":true,"valueName":"search_term_string"}}],"inLanguage":"en-US"}]}},"_links":{"self":[{"href":"https:\/\/rmv.fi\/en\/wp-json\/wp\/v2\/pages\/328","targetHints":{"allow":["GET"]}}],"collection":[{"href":"https:\/\/rmv.fi\/en\/wp-json\/wp\/v2\/pages"}],"about":[{"href":"https:\/\/rmv.fi\/en\/wp-json\/wp\/v2\/types\/page"}],"author":[{"embeddable":true,"href":"https:\/\/rmv.fi\/en\/wp-json\/wp\/v2\/users\/4"}],"replies":[{"embeddable":true,"href":"https:\/\/rmv.fi\/en\/wp-json\/wp\/v2\/comments?post=328"}],"version-history":[{"count":1,"href":"https:\/\/rmv.fi\/en\/wp-json\/wp\/v2\/pages\/328\/revisions"}],"predecessor-version":[{"id":329,"href":"https:\/\/rmv.fi\/en\/wp-json\/wp\/v2\/pages\/328\/revisions\/329"}],"wp:attachment":[{"href":"https:\/\/rmv.fi\/en\/wp-json\/wp\/v2\/media?parent=328"}],"curies":[{"name":"wp","href":"https:\/\/api.w.org\/{rel}","templated":true}]}}