{"id":330,"date":"2024-09-26T11:59:43","date_gmt":"2024-09-26T08:59:43","guid":{"rendered":"https:\/\/rmv.fi\/join-us\/"},"modified":"2024-09-26T11:59:43","modified_gmt":"2024-09-26T08:59:43","slug":"join-us","status":"publish","type":"page","link":"https:\/\/rmv.fi\/en\/join-us\/","title":{"rendered":"Join us"},"content":{"rendered":"\n\n<div class=\"block-content-with-sidebar full-width id-block\">\n\t<div class=\"container-lg\">\n\t\t<div class=\"row\">\n\t\t\t<div class=\"col d-none d-lg-block col-lg-4 col-xxl-3\">\n\t\t\t\t<ul class=\"sidebar-menu\">\n\n<li  class=\"menu-item menu-item-311\"><a href=\"https:\/\/rmv.fi\/en\/contacts\/\">Contacts<\/a><\/li>\n<li  class=\"menu-item menu-item-326\"><a href=\"https:\/\/rmv.fi\/en\/events\/\">Events<\/a><\/li>\n<li  class=\"menu-item menu-item-300\"><a href=\"https:\/\/rmv.fi\/en\/\">Front page<\/a><\/li>\n<li  class=\"menu-item menu-item-324\"><a href=\"https:\/\/rmv.fi\/en\/groups\/\">Groups<\/a><\/li>\n<li  class=\"menu-item menu-item-328\"><a href=\"https:\/\/rmv.fi\/en\/information-about-the-scout-group\/\">Information about the Scout Group<\/a><\/li>\n<li  class=\"menu-item menu-item-308\"><a href=\"https:\/\/rmv.fi\/en\/instructions\/\">Instructions<\/a><\/li>\n<li  class=\"menu-item menu-item-330\"><a href=\"https:\/\/rmv.fi\/en\/join-us\/\" aria-current=\"page\">Join us<\/a><\/li>\n<li  class=\"menu-item menu-item-332 current-menu-parent\"><a href=\"https:\/\/rmv.fi\/en\/news\/\">News<\/a><\/li>\n<li  class=\"menu-item menu-item-303\"><a href=\"https:\/\/rmv.fi\/en\/scout-boats\/\">Scout boats<\/a><\/li><\/ul>\n\t\t\t<\/div>\n\t\t\t<div class=\"col col-12 col-lg-8 col-xxl-7 offset-xxl-1\">\t\n\t\t\t\t<div class=\"inner-blocks entry-content\">\n\t\t\t\t\t\t\t\t\t\t\t\n\n<h1 class=\"wp-block-heading\">Join us<\/h1>\n\n\n\n<p>If you are at least 7 years old and would like to join scouting, please contact the group leader, Mira Kuusikko, at mira.kuusikko(at)gmail.com.<\/p>\n\n\n\n<p>Children under 7 years old can participate in Family Scouting together with a guardian. Meetings will be announced separately and are held about once a month. More information can be found in the sections &#8220;Groups&#8221; and &#8220;Current News,&#8221; and further details can be obtained from Mira via email. Welcome to join us!   <\/p>\n\n\n\n<p>You can also fill out <a href=\"https:\/\/kuksa.partio.fi\/kotisivut\/jasenhakemus.aspx?id=9999337\" target=\"_blank\" rel=\"noreferrer noopener\">the registration form<\/a><\/p>\n\n\n\n<p>It is important to join the Finnish Scouts (scouts.fi) as a member when participating in scouting activities, as this activates the scout insurance, which covers all weekly meetings as well as trips and camps. You can try scouting three times before needing to become a member.  <\/p>\n\n\n\n<h2 class=\"wp-block-heading is-style-primary\">The meetings<\/h2>\n\n\n\n<p>We usually hold weekly meetings at our scout den located at Vanha Ahteentaantie 7 (Old Prayer House). Participants should bring their own scout scarf, personal note-taking supplies, and weather-appropriate gear. Since we spend a lot of time outdoors during our weekly meetings, it&#8217;s a good idea to always have enough outdoor clothing with you. It\u2019s best to arrive at the den just before your group\u2019s meeting begins.   <\/p>\n\n\n\n<p><strong>The schedules for the den evenings can be found in the &#8220;Groups&#8221; section.<br\/><br\/><\/strong><\/p>\n\n\n\n<p>Explorels arrange their own den evenings and follow the program available on the &#8220;Kompassi&#8221; website. You can find Kompassi by searching for &#8220;kompassi partio.&#8221; Explorels also serve as group leaders.  <\/p>\n\n\n\n<p><\/p>\n\n\n\t\t\t\t\t\t\t\t\t<\/div>\n\t\t\t<\/div>\n\t\t<\/div>\n\t<\/div>\t\n\t\t\t\t\t<svg class=\"figure cross\" xmlns=\"http:\/\/www.w3.org\/2000\/svg\" width=\"107\" height=\"47.043\" viewBox=\"0 0 107 47.043\">\n\t\t    <g>\n\t\t        <path d=\"M29.916 6.541L23.349 0l-8.39 8.417L6.541 0 0 6.541l8.39 8.417L0 23.375l6.541 6.541 8.417-8.39 8.39 8.39 6.568-6.541-8.416-8.417z\" transform=\"rotate(-90 23.522 23.521) translate(17.127)\"\/>\n\t\t        <path d=\"M15.253 11.446A24.159 24.159 0 0 1 9.034 0L0 2.064a33.488 33.488 0 0 0 8.632 15.87l.08.08s.617.617 1.474 1.662l7.238-5.79c-1.099-1.341-1.93-2.198-2.171-2.44z\" transform=\"rotate(-90 23.522 23.521) translate(.429 60.519)\"\/>\n\t\t        <path d=\"M16.218 6.648L9.758 0A33.429 33.429 0 0 0 0 18.738l9.141 1.474a23.953 23.953 0 0 1 7.077-13.564z\" transform=\"rotate(-90 23.522 23.521) translate(0 30.828)\"\/>\n\t\t        <path d=\"M.161 3.163A21.712 21.712 0 0 1 1.5 10.481 19.441 19.441 0 0 1 0 17.907l8.578 3.538a28.792 28.792 0 0 0 2.2-10.964A30.739 30.739 0 0 0 8.873 0z\" transform=\"rotate(-90 23.522 23.521) translate(15.285 85.555)\"\/>\n\t\t    <\/g>\n\t\t<\/svg>\n\t\t\t<\/div>\n\n<p><\/p>\n","protected":false},"excerpt":{"rendered":"","protected":false},"author":4,"featured_media":0,"parent":0,"menu_order":0,"comment_status":"closed","ping_status":"closed","template":"","meta":{"_acf_changed":false,"footnotes":""},"class_list":["post-330","page","type-page","status-publish","hentry"],"acf":[],"yoast_head":"<!-- This site is optimized with the Yoast SEO plugin v27.4 - https:\/\/yoast.com\/product\/yoast-seo-wordpress\/ -->\n<title>Join us - Rym\u00e4ttyl\u00e4n M\u00e4rssyvahdit ry<\/title>\n<meta name=\"robots\" content=\"index, follow, max-snippet:-1, max-image-preview:large, max-video-preview:-1\" \/>\n<link rel=\"canonical\" href=\"https:\/\/rmv.fi\/en\/join-us\/\" \/>\n<meta property=\"og:locale\" content=\"en_US\" \/>\n<meta property=\"og:type\" content=\"article\" \/>\n<meta property=\"og:title\" content=\"Join us - Rym\u00e4ttyl\u00e4n M\u00e4rssyvahdit ry\" \/>\n<meta property=\"og:url\" content=\"https:\/\/rmv.fi\/en\/join-us\/\" \/>\n<meta property=\"og:site_name\" content=\"Rym\u00e4ttyl\u00e4n M\u00e4rssyvahdit ry\" \/>\n<meta property=\"article:publisher\" content=\"https:\/\/www.facebook.com\/RymattylanMarssyvahdit\" \/>\n<meta name=\"twitter:card\" content=\"summary_large_image\" \/>\n<meta name=\"twitter:label1\" content=\"Est. reading time\" \/>\n\t<meta name=\"twitter:data1\" content=\"1 minute\" \/>\n<script type=\"application\/ld+json\" class=\"yoast-schema-graph\">{\"@context\":\"https:\\\/\\\/schema.org\",\"@graph\":[{\"@type\":\"WebPage\",\"@id\":\"https:\\\/\\\/rmv.fi\\\/en\\\/join-us\\\/\",\"url\":\"https:\\\/\\\/rmv.fi\\\/en\\\/join-us\\\/\",\"name\":\"Join us - Rym\u00e4ttyl\u00e4n M\u00e4rssyvahdit ry\",\"isPartOf\":{\"@id\":\"https:\\\/\\\/rmv.fi\\\/#website\"},\"datePublished\":\"2024-09-26T08:59:43+00:00\",\"breadcrumb\":{\"@id\":\"https:\\\/\\\/rmv.fi\\\/en\\\/join-us\\\/#breadcrumb\"},\"inLanguage\":\"en-US\",\"potentialAction\":[{\"@type\":\"ReadAction\",\"target\":[\"https:\\\/\\\/rmv.fi\\\/en\\\/join-us\\\/\"]}]},{\"@type\":\"BreadcrumbList\",\"@id\":\"https:\\\/\\\/rmv.fi\\\/en\\\/join-us\\\/#breadcrumb\",\"itemListElement\":[{\"@type\":\"ListItem\",\"position\":1,\"name\":\"Etusivu\",\"item\":\"https:\\\/\\\/rmv.fi\\\/en\\\/\"},{\"@type\":\"ListItem\",\"position\":2,\"name\":\"Join us\"}]},{\"@type\":\"WebSite\",\"@id\":\"https:\\\/\\\/rmv.fi\\\/#website\",\"url\":\"https:\\\/\\\/rmv.fi\\\/\",\"name\":\"Rym\u00e4ttyl\u00e4n M\u00e4rssyvahdit ry\",\"description\":\"Uusi Partio Scout - Lippukunnat -sivusto\",\"potentialAction\":[{\"@type\":\"SearchAction\",\"target\":{\"@type\":\"EntryPoint\",\"urlTemplate\":\"https:\\\/\\\/rmv.fi\\\/?s={search_term_string}\"},\"query-input\":{\"@type\":\"PropertyValueSpecification\",\"valueRequired\":true,\"valueName\":\"search_term_string\"}}],\"inLanguage\":\"en-US\"}]}<\/script>\n<!-- \/ Yoast SEO plugin. -->","yoast_head_json":{"title":"Join us - Rym\u00e4ttyl\u00e4n M\u00e4rssyvahdit ry","robots":{"index":"index","follow":"follow","max-snippet":"max-snippet:-1","max-image-preview":"max-image-preview:large","max-video-preview":"max-video-preview:-1"},"canonical":"https:\/\/rmv.fi\/en\/join-us\/","og_locale":"en_US","og_type":"article","og_title":"Join us - Rym\u00e4ttyl\u00e4n M\u00e4rssyvahdit ry","og_url":"https:\/\/rmv.fi\/en\/join-us\/","og_site_name":"Rym\u00e4ttyl\u00e4n M\u00e4rssyvahdit ry","article_publisher":"https:\/\/www.facebook.com\/RymattylanMarssyvahdit","twitter_card":"summary_large_image","twitter_misc":{"Est. reading time":"1 minute"},"schema":{"@context":"https:\/\/schema.org","@graph":[{"@type":"WebPage","@id":"https:\/\/rmv.fi\/en\/join-us\/","url":"https:\/\/rmv.fi\/en\/join-us\/","name":"Join us - Rym\u00e4ttyl\u00e4n M\u00e4rssyvahdit ry","isPartOf":{"@id":"https:\/\/rmv.fi\/#website"},"datePublished":"2024-09-26T08:59:43+00:00","breadcrumb":{"@id":"https:\/\/rmv.fi\/en\/join-us\/#breadcrumb"},"inLanguage":"en-US","potentialAction":[{"@type":"ReadAction","target":["https:\/\/rmv.fi\/en\/join-us\/"]}]},{"@type":"BreadcrumbList","@id":"https:\/\/rmv.fi\/en\/join-us\/#breadcrumb","itemListElement":[{"@type":"ListItem","position":1,"name":"Etusivu","item":"https:\/\/rmv.fi\/en\/"},{"@type":"ListItem","position":2,"name":"Join us"}]},{"@type":"WebSite","@id":"https:\/\/rmv.fi\/#website","url":"https:\/\/rmv.fi\/","name":"Rym\u00e4ttyl\u00e4n M\u00e4rssyvahdit ry","description":"Uusi Partio Scout - Lippukunnat -sivusto","potentialAction":[{"@type":"SearchAction","target":{"@type":"EntryPoint","urlTemplate":"https:\/\/rmv.fi\/?s={search_term_string}"},"query-input":{"@type":"PropertyValueSpecification","valueRequired":true,"valueName":"search_term_string"}}],"inLanguage":"en-US"}]}},"_links":{"self":[{"href":"https:\/\/rmv.fi\/en\/wp-json\/wp\/v2\/pages\/330","targetHints":{"allow":["GET"]}}],"collection":[{"href":"https:\/\/rmv.fi\/en\/wp-json\/wp\/v2\/pages"}],"about":[{"href":"https:\/\/rmv.fi\/en\/wp-json\/wp\/v2\/types\/page"}],"author":[{"embeddable":true,"href":"https:\/\/rmv.fi\/en\/wp-json\/wp\/v2\/users\/4"}],"replies":[{"embeddable":true,"href":"https:\/\/rmv.fi\/en\/wp-json\/wp\/v2\/comments?post=330"}],"version-history":[{"count":1,"href":"https:\/\/rmv.fi\/en\/wp-json\/wp\/v2\/pages\/330\/revisions"}],"predecessor-version":[{"id":331,"href":"https:\/\/rmv.fi\/en\/wp-json\/wp\/v2\/pages\/330\/revisions\/331"}],"wp:attachment":[{"href":"https:\/\/rmv.fi\/en\/wp-json\/wp\/v2\/media?parent=330"}],"curies":[{"name":"wp","href":"https:\/\/api.w.org\/{rel}","templated":true}]}}